{"id":14,"date":"2026-04-20T15:33:32","date_gmt":"2026-04-20T15:33:32","guid":{"rendered":"http:\/\/xn--assembledesquartiers-h2b.com\/?page_id=14"},"modified":"2026-04-20T20:20:21","modified_gmt":"2026-04-20T20:20:21","slug":"qui-sommes-nous","status":"publish","type":"page","link":"https:\/\/www.assembleedesquartiers.com\/index.php\/qui-sommes-nous\/","title":{"rendered":"Qui sommes nous ?"},"content":{"rendered":"\n<h2 class=\"wp-block-heading\">Qui sommes nous ? <\/h2>\n\n\n\n<figure class=\"wp-block-image size-large is-resized\"><img loading=\"lazy\" decoding=\"async\" width=\"1024\" height=\"769\" src=\"http:\/\/xn--assembledesquartiers-h2b.com\/wp-content\/uploads\/2026\/04\/adq-2-1024x769.png\" alt=\"\" class=\"wp-image-47\" style=\"width:1167px;height:auto\" srcset=\"https:\/\/www.assembleedesquartiers.com\/wp-content\/uploads\/2026\/04\/adq-2-1024x769.png 1024w, https:\/\/www.assembleedesquartiers.com\/wp-content\/uploads\/2026\/04\/adq-2-300x225.png 300w, https:\/\/www.assembleedesquartiers.com\/wp-content\/uploads\/2026\/04\/adq-2-768x577.png 768w, https:\/\/www.assembleedesquartiers.com\/wp-content\/uploads\/2026\/04\/adq-2.png 1447w\" sizes=\"auto, (max-width: 1024px) 100vw, 1024px\" \/><\/figure>\n\n\n\n<p>Expliquez ce qu&#8217;est l&#8217;assembl\u00e9e des quartiers ici, Expliquez ce qu&#8217;est l&#8217;assembl\u00e9e des quartiers ici, Expliquez ce qu&#8217;est l&#8217;assembl\u00e9e des quartiers ici, Expliquez ce qu&#8217;est l&#8217;assembl\u00e9e des quartiers ici, Expliquez ce qu&#8217;est l&#8217;assembl\u00e9e des quartiers ici, Expliquez ce qu&#8217;est l&#8217;assembl\u00e9e des quartiers ici, Expliquez ce qu&#8217;est l&#8217;assembl\u00e9e des quartiers ici, Expliquez ce qu&#8217;est l&#8217;assembl\u00e9e des quartiers ici, Expliquez ce qu&#8217;est l&#8217;assembl\u00e9e des quartiers ici, Expliquez ce qu&#8217;est l&#8217;assembl\u00e9e des quartiers ici, Expliquez ce qu&#8217;est l&#8217;assembl\u00e9e des quartiers ici, Expliquez ce qu&#8217;est l&#8217;assembl\u00e9e des quartiers ici, <\/p>\n\n\n\n<p><\/p>\n","protected":false},"excerpt":{"rendered":"<p>Qui sommes nous ? Expliquez ce qu&#8217;est l&#8217;assembl\u00e9e des quartiers ici, Expliquez ce qu&#8217;est l&#8217;assembl\u00e9e des quartiers ici, Expliquez ce qu&#8217;est l&#8217;assembl\u00e9e des quartiers ici, Expliquez ce qu&#8217;est l&#8217;assembl\u00e9e des quartiers ici, Expliquez ce qu&#8217;est l&#8217;assembl\u00e9e des quartiers ici, Expliquez ce qu&#8217;est l&#8217;assembl\u00e9e des quartiers ici, Expliquez ce qu&#8217;est l&#8217;assembl\u00e9e des quartiers ici, Expliquez ce&#8230;<\/p>\n","protected":false},"author":1,"featured_media":0,"parent":0,"menu_order":0,"comment_status":"closed","ping_status":"closed","template":"","meta":{"_kadence_starter_templates_imported_post":false,"_kad_post_transparent":"","_kad_post_title":"","_kad_post_layout":"","_kad_post_sidebar_id":"","_kad_post_content_style":"","_kad_post_vertical_padding":"","_kad_post_feature":"","_kad_post_feature_position":"","_kad_post_header":false,"_kad_post_footer":false,"_kad_post_classname":"","footnotes":""},"class_list":["post-14","page","type-page","status-publish","hentry"],"_links":{"self":[{"href":"https:\/\/www.assembleedesquartiers.com\/index.php\/wp-json\/wp\/v2\/pages\/14","targetHints":{"allow":["GET"]}}],"collection":[{"href":"https:\/\/www.assembleedesquartiers.com\/index.php\/wp-json\/wp\/v2\/pages"}],"about":[{"href":"https:\/\/www.assembleedesquartiers.com\/index.php\/wp-json\/wp\/v2\/types\/page"}],"author":[{"embeddable":true,"href":"https:\/\/www.assembleedesquartiers.com\/index.php\/wp-json\/wp\/v2\/users\/1"}],"replies":[{"embeddable":true,"href":"https:\/\/www.assembleedesquartiers.com\/index.php\/wp-json\/wp\/v2\/comments?post=14"}],"version-history":[{"count":3,"href":"https:\/\/www.assembleedesquartiers.com\/index.php\/wp-json\/wp\/v2\/pages\/14\/revisions"}],"predecessor-version":[{"id":49,"href":"https:\/\/www.assembleedesquartiers.com\/index.php\/wp-json\/wp\/v2\/pages\/14\/revisions\/49"}],"wp:attachment":[{"href":"https:\/\/www.assembleedesquartiers.com\/index.php\/wp-json\/wp\/v2\/media?parent=14"}],"curies":[{"name":"wp","href":"https:\/\/api.w.org\/{rel}","templated":true}]}}